{"id":2983,"date":"2018-10-26T11:27:18","date_gmt":"2018-10-26T16:27:18","guid":{"rendered":"https:\/\/www.alliedquarries.com\/accessibility-policy\/"},"modified":"2025-08-28T03:53:47","modified_gmt":"2025-08-28T08:53:47","slug":"accessibility-policy","status":"publish","type":"page","link":"https:\/\/www.alliedquarries.com\/es\/accessibility-policy\/","title":{"rendered":"Pol\u00edtica de Accesibilidad"},"content":{"rendered":"<p>Culbreth Stone se compromete a garantizar que nuestro sitio web sea accesible para personas con discapacidades. Buscamos que nuestro sitio cumpla con los criterios de \u00e9xito Nivel AA del World Wide Web Consortium (W3C) Web Accessibility Initiatives (WAI) Web Content Accessibility Guidelines 2.1 (WCAG 2.1). Estas directrices son el est\u00e1ndar internacionalmente reconocido para construir sitios web accesibles. El sitio web de Culbreth Stone ha sido desarrollado utilizando c\u00f3digo conforme a los est\u00e1ndares W3C, para mostrarse correctamente en los navegadores m\u00e1s usados y ser compatible con los lectores de pantalla m\u00e1s comunes.<\/p>\n<p>Las p\u00e1ginas de nuestro sitio web son revisadas peri\u00f3dicamente por nuestro personal capacitado y de manera autom\u00e1tica con la ayuda del software axe: the Accessibility Engine, para evaluar el cumplimiento de las directrices de accesibilidad. Este es un proceso continuo para mejorar la accesibilidad del contenido de nuestro sitio y los problemas que surjan se est\u00e1n resolviendo.<\/p>\n<h2>Cont\u00e1ctanos<\/h2>\n<p>Si tiene alguna dificultad para acceder al contenido de este sitio o tiene inquietudes sobre accesibilidad, por favor cont\u00e1ctenos usando <a href=\"https:\/\/www.alliedquarries.com\/es\/contact-us\/\" class=\"contact_anchor \">este formulario<\/a>, o si prefiere no usar el formulario, puede enviarnos un correo electr\u00f3nico a <a href=\"mailto:culbrethstone@gmail.com\" class=\"email_anchor\" aria-label=\"Env\u00edanos un correo culbrethstone@gmail.com\">culbrethstone@gmail.com<\/a>.<\/p>\n<h2>Funciones de accesibilidad de este sitio web<\/h2>\n<h3>Cambiador de estilo<\/h3>\n<p>Si encuentra que el texto es dif\u00edcil de leer debido a su color, use el bot\u00f3n cambiador de estilo disponible en la parte superior izquierda de cada p\u00e1gina. Esto cambiar\u00e1 los textos y el fondo de nuestro sitio web para que puedan ser le\u00eddos por personas con visi\u00f3n moderadamente reducida.<\/p>\n<h3>Tama\u00f1o del texto<\/h3>\n<p>Si encuentra que el texto en este sitio es demasiado peque\u00f1o, puede cambiarlo f\u00e1cilmente con la funci\u00f3n de zoom incorporada en cualquier navegador moderno. Para hacerlo, seleccione la opci\u00f3n correspondiente en el men\u00fa del navegador o use la siguiente combinaci\u00f3n de teclas:<\/p>\n<ul>\n<li>Acercar: Ctrl +<\/li>\n<li>Alejar: Ctrl &#8211;<\/li>\n<\/ul>\n<h3>Controles de movimiento<\/h3>\n<p>Todos los elementos en movimiento, parpadeantes, con desplazamiento autom\u00e1tico o actualizaci\u00f3n autom\u00e1tica en nuestro sitio web cuentan con una opci\u00f3n para detenerlos justo al lado de ellos.<\/p>\n<h3>Control de volumen<\/h3>\n<p>Cada archivo de video y audio en nuestro sitio web tiene su propio control de volumen disponible en la parte inferior derecha del reproductor multimedia.<\/p>\n","protected":false},"excerpt":{"rendered":"<p>se compromete a garantizar que nuestro sitio web sea accesible para personas con discapacidades. Buscamos que nuestro sitio cumpla con los criterios de \u00e9xito Nivel AA del World Wide Web Consortium (W3C) Web Accessibility Initiatives (WAI) Web Content Accessibility Guidelines 2.1 (WCAG 2.1). Estas directrices son el est\u00e1ndar internacionalmente reconocido para construir sitios web accesibles.&hellip; <a href=\"https:\/\/www.alliedquarries.com\/es\/accessibility-policy\/\" class=\"btn btn-outline-primary position-absolute more-link\">Continue reading<\/a><\/p>\n","protected":false},"author":1,"featured_media":0,"parent":0,"menu_order":0,"comment_status":"closed","ping_status":"closed","template":"","meta":{"_acf_changed":false,"footnotes":""},"class_list":["post-2983","page","type-page","status-publish"],"acf":[],"yoast_head":"<!-- This site is optimized with the Yoast SEO plugin v26.6 - https:\/\/yoast.com\/wordpress\/plugins\/seo\/ -->\n<title>Pol\u00edtica de Accesibilidad | Culbreth Stone<\/title>\n<meta name=\"robots\" content=\"index, follow, max-snippet:-1, max-image-preview:large, max-video-preview:-1\" \/>\n<link rel=\"canonical\" href=\"https:\/\/www.alliedquarries.com\/es\/accessibility-policy\/\" \/>\n<meta property=\"og:locale\" content=\"es_ES\" \/>\n<meta property=\"og:type\" content=\"article\" \/>\n<meta property=\"og:title\" content=\"Pol\u00edtica de Accesibilidad | Culbreth Stone\" \/>\n<meta property=\"og:description\" content=\"se compromete a garantizar que nuestro sitio web sea accesible para personas con discapacidades. Buscamos que nuestro sitio cumpla con los criterios de \u00e9xito Nivel AA del World Wide Web Consortium (W3C) Web Accessibility Initiatives (WAI) Web Content Accessibility Guidelines 2.1 (WCAG 2.1). Estas directrices son el est\u00e1ndar internacionalmente reconocido para construir sitios web accesibles.&hellip; Continue reading\" \/>\n<meta property=\"og:url\" content=\"https:\/\/www.alliedquarries.com\/es\/accessibility-policy\/\" \/>\n<meta property=\"og:site_name\" content=\"Culbreth Stone\" \/>\n<meta property=\"article:modified_time\" content=\"2025-08-28T08:53:47+00:00\" \/>\n<meta property=\"og:image\" content=\"https:\/\/www.alliedquarries.com\/wp-content\/uploads\/2022\/11\/Default.jpg\" \/>\n<meta name=\"twitter:card\" content=\"summary_large_image\" \/>\n<meta name=\"twitter:image\" content=\"https:\/\/www.alliedquarries.com\/wp-content\/uploads\/2022\/11\/Default.jpg\" \/>\n<meta name=\"twitter:label1\" content=\"Tiempo de lectura\" \/>\n\t<meta name=\"twitter:data1\" content=\"2 minutos\" \/>\n<!-- \/ Yoast SEO plugin. -->","yoast_head_json":{"title":"Pol\u00edtica de Accesibilidad | Culbreth Stone","robots":{"index":"index","follow":"follow","max-snippet":"max-snippet:-1","max-image-preview":"max-image-preview:large","max-video-preview":"max-video-preview:-1"},"canonical":"https:\/\/www.alliedquarries.com\/es\/accessibility-policy\/","og_locale":"es_ES","og_type":"article","og_title":"Pol\u00edtica de Accesibilidad | Culbreth Stone","og_description":"se compromete a garantizar que nuestro sitio web sea accesible para personas con discapacidades. Buscamos que nuestro sitio cumpla con los criterios de \u00e9xito Nivel AA del World Wide Web Consortium (W3C) Web Accessibility Initiatives (WAI) Web Content Accessibility Guidelines 2.1 (WCAG 2.1). Estas directrices son el est\u00e1ndar internacionalmente reconocido para construir sitios web accesibles.&hellip; Continue reading","og_url":"https:\/\/www.alliedquarries.com\/es\/accessibility-policy\/","og_site_name":"Culbreth Stone","article_modified_time":"2025-08-28T08:53:47+00:00","og_image":[{"url":"https:\/\/www.alliedquarries.com\/wp-content\/uploads\/2022\/11\/Default.jpg","type":"","width":"","height":""}],"twitter_card":"summary_large_image","twitter_image":"https:\/\/www.alliedquarries.com\/wp-content\/uploads\/2022\/11\/Default.jpg","twitter_misc":{"Tiempo de lectura":"2 minutos"},"schema":{"@context":"https:\/\/schema.org","@graph":[{"@type":"WebPage","@id":"https:\/\/www.alliedquarries.com\/es\/accessibility-policy\/","url":"https:\/\/www.alliedquarries.com\/es\/accessibility-policy\/","name":"Pol\u00edtica de Accesibilidad | Culbreth Stone","isPartOf":{"@id":"https:\/\/www.alliedquarries.com\/es\/#website"},"datePublished":"2018-10-26T16:27:18+00:00","dateModified":"2025-08-28T08:53:47+00:00","breadcrumb":{"@id":"https:\/\/www.alliedquarries.com\/es\/accessibility-policy\/#breadcrumb"},"inLanguage":"es","potentialAction":[{"@type":"ReadAction","target":["https:\/\/www.alliedquarries.com\/es\/accessibility-policy\/"]}]},{"@type":"BreadcrumbList","@id":"https:\/\/www.alliedquarries.com\/es\/accessibility-policy\/#breadcrumb","itemListElement":[{"@type":"ListItem","position":1,"name":"Home","item":"https:\/\/www.alliedquarries.com\/es\/"},{"@type":"ListItem","position":2,"name":"Pol\u00edtica de Accesibilidad"}]},{"@type":"WebSite","@id":"https:\/\/www.alliedquarries.com\/es\/#website","url":"https:\/\/www.alliedquarries.com\/es\/","name":"Culbreth Stone","description":"","potentialAction":[{"@type":"SearchAction","target":{"@type":"EntryPoint","urlTemplate":"https:\/\/www.alliedquarries.com\/es\/?s={search_term_string}"},"query-input":{"@type":"PropertyValueSpecification","valueRequired":true,"valueName":"search_term_string"}}],"inLanguage":"es"}]}},"_links":{"self":[{"href":"https:\/\/www.alliedquarries.com\/es\/wp-json\/wp\/v2\/pages\/2983","targetHints":{"allow":["GET"]}}],"collection":[{"href":"https:\/\/www.alliedquarries.com\/es\/wp-json\/wp\/v2\/pages"}],"about":[{"href":"https:\/\/www.alliedquarries.com\/es\/wp-json\/wp\/v2\/types\/page"}],"author":[{"embeddable":true,"href":"https:\/\/www.alliedquarries.com\/es\/wp-json\/wp\/v2\/users\/1"}],"replies":[{"embeddable":true,"href":"https:\/\/www.alliedquarries.com\/es\/wp-json\/wp\/v2\/comments?post=2983"}],"version-history":[{"count":2,"href":"https:\/\/www.alliedquarries.com\/es\/wp-json\/wp\/v2\/pages\/2983\/revisions"}],"predecessor-version":[{"id":2991,"href":"https:\/\/www.alliedquarries.com\/es\/wp-json\/wp\/v2\/pages\/2983\/revisions\/2991"}],"wp:attachment":[{"href":"https:\/\/www.alliedquarries.com\/es\/wp-json\/wp\/v2\/media?parent=2983"}],"curies":[{"name":"wp","href":"https:\/\/api.w.org\/{rel}","templated":true}]}}