{"id":2984,"date":"2020-09-02T22:26:29","date_gmt":"2020-09-03T03:26:29","guid":{"rendered":"https:\/\/www.alliedquarries.com\/privacy-policy\/"},"modified":"2025-08-28T03:53:28","modified_gmt":"2025-08-28T08:53:28","slug":"privacy-policy","status":"publish","type":"page","link":"https:\/\/www.alliedquarries.com\/es\/privacy-policy\/","title":{"rendered":"Pol\u00edtica de Privacidad"},"content":{"rendered":"<p>Proteger los derechos de los visitantes de nuestro sitio web es importante para nosotros. Por ello, queremos informar sobre cualquier dato que recopilemos cuando visite nuestro sitio, as\u00ed como la forma en que lo utilizamos. En cualquier momento, nos reservamos el derecho de enmendar o modificar esta Declaraci\u00f3n de Privacidad. Le recomendamos revisar esta p\u00e1gina peri\u00f3dicamente para conocer las pol\u00edticas de privacidad actualizadas.<\/p>\n<h2>Aviso Legal<\/h2>\n<p>Nos comprometemos a utilizar medidas de seguridad adecuadas para proteger la informaci\u00f3n personal de los visitantes del sitio web. Sin embargo, nuestras medidas de seguridad no est\u00e1n garantizadas. No garantizamos la privacidad de ninguna informaci\u00f3n que se comunique o transfiera por Internet. Hacemos esfuerzos significativos para validar el contenido de este sitio web o de cualquier sitio vinculado para asegurar su exactitud, credibilidad y confiabilidad, pero no podemos garantizar que la informaci\u00f3n sea completamente exacta o precisa. Toda la informaci\u00f3n m\u00e9dica incluida en este sitio web no pretende sustituir el consejo, diagn\u00f3stico o tratamiento profesional de un especialista en salud.<\/p>\n<h2>Su Privacidad<\/h2>\n<p>Respetamos la privacidad de los usuarios y visitantes del sitio web y nos comprometemos a cumplir con todas las leyes aplicables relacionadas con la divulgaci\u00f3n de informaci\u00f3n personal. En algunas ocasiones, podemos utilizar cierta informaci\u00f3n recopilada del directorio para proporcionarle material sobre productos, servicios y otros datos que consideremos de su inter\u00e9s. Si prefiere no recibir esta informaci\u00f3n, respetaremos su decisi\u00f3n y eliminaremos sus datos de nuestras listas o modificaremos la informaci\u00f3n existente seg\u00fan su solicitud. Puede confiar en que los datos que nos env\u00ede se mantendr\u00e1n estrictamente confidenciales y se utilizar\u00e1n \u00fanicamente con fines comerciales. Los datos personales nunca se comparten sin permiso o a menos que sea requerido por la ley.<\/p>\n<h2>Informaci\u00f3n Recopilada<\/h2>\n<p>Nuestro sistema est\u00e1 dise\u00f1ado para recopilar informaci\u00f3n sobre el origen y la navegaci\u00f3n de los visitantes del sitio web de forma peri\u00f3dica. La informaci\u00f3n recopilada puede incluir, entre otros, la direcci\u00f3n IP, las p\u00e1ginas visitadas, el historial del navegador, as\u00ed como datos sobre el tipo de navegador y sistema operativo. Esta informaci\u00f3n no se utiliza para identificar personalmente a los usuarios; m\u00e1s bien, nos ayuda a mantenernos actualizados sobre los patrones de uso y mejorar el sitio web. Evitamos recopilar informaci\u00f3n personal o identificativa, como su nombre, correo electr\u00f3nico o direcci\u00f3n, a menos que se env\u00ede en respuesta a una solicitud espec\u00edfica de servicio o informaci\u00f3n. No entregamos, compartimos ni vendemos informaci\u00f3n personal a terceros, excepto cuando lo exige la ley.<\/p>\n<h2>Uso de Cookies<\/h2>\n<p>Podemos enviar una o varias \u201ccookies\u201d a su computadora u otro dispositivo cuando visite nuestro sitio web por primera vez. Se trata de un peque\u00f1o archivo que nos permite identificar cu\u00e1ndo regresa al sitio. El uso de cookies nos permite modificar y mejorar continuamente nuestro sitio web, ya que revela la frecuencia de sus visitas y qu\u00e9 informaci\u00f3n le resulta m\u00e1s interesante. Si lo prefiere, puede configurar su navegador para rechazar cookies de nuestro sitio o aceptarlas individualmente en su dispositivo o computadora. Sin embargo, si desactiva las cookies, es posible que algunas funciones de nuestro sitio web queden limitadas.<\/p>\n<h2>Enlaces Externos<\/h2>\n<p>Algunas p\u00e1ginas dentro de este sitio web est\u00e1n vinculadas a sitios web de terceros. No controlamos ni somos responsables del contenido de estos sitios vinculados, ni necesariamente los hemos revisado para verificar su exactitud. Los enlaces a terceros no implican respaldo ni garant\u00eda sobre la fiabilidad de los servicios, informaci\u00f3n o productos ofrecidos en nuestro sitio.<\/p>\n","protected":false},"excerpt":{"rendered":"<p>Proteger los derechos de los visitantes de nuestro sitio web es importante para nosotros. Por ello, queremos informar sobre cualquier dato que recopilemos cuando visite nuestro sitio, as\u00ed como la forma en que lo utilizamos. En cualquier momento, nos reservamos el derecho de enmendar o modificar esta Declaraci\u00f3n de Privacidad. Le recomendamos revisar esta p\u00e1gina&hellip; <a href=\"https:\/\/www.alliedquarries.com\/es\/privacy-policy\/\" class=\"btn btn-outline-primary position-absolute more-link\">Continue reading<\/a><\/p>\n","protected":false},"author":1,"featured_media":0,"parent":0,"menu_order":0,"comment_status":"closed","ping_status":"closed","template":"","meta":{"_acf_changed":false,"footnotes":""},"class_list":["post-2984","page","type-page","status-publish"],"acf":[],"yoast_head":"<!-- This site is optimized with the Yoast SEO plugin v26.6 - https:\/\/yoast.com\/wordpress\/plugins\/seo\/ -->\n<title>Pol\u00edtica de Privacidad | Culbreth Stone<\/title>\n<meta name=\"robots\" content=\"index, follow, max-snippet:-1, max-image-preview:large, max-video-preview:-1\" \/>\n<link rel=\"canonical\" href=\"https:\/\/www.alliedquarries.com\/es\/privacy-policy\/\" \/>\n<meta property=\"og:locale\" content=\"es_ES\" \/>\n<meta property=\"og:type\" content=\"article\" \/>\n<meta property=\"og:title\" content=\"Pol\u00edtica de Privacidad | Culbreth Stone\" \/>\n<meta property=\"og:description\" content=\"Proteger los derechos de los visitantes de nuestro sitio web es importante para nosotros. Por ello, queremos informar sobre cualquier dato que recopilemos cuando visite nuestro sitio, as\u00ed como la forma en que lo utilizamos. En cualquier momento, nos reservamos el derecho de enmendar o modificar esta Declaraci\u00f3n de Privacidad. Le recomendamos revisar esta p\u00e1gina&hellip; Continue reading\" \/>\n<meta property=\"og:url\" content=\"https:\/\/www.alliedquarries.com\/es\/privacy-policy\/\" \/>\n<meta property=\"og:site_name\" content=\"Culbreth Stone\" \/>\n<meta property=\"article:modified_time\" content=\"2025-08-28T08:53:28+00:00\" \/>\n<meta property=\"og:image\" content=\"https:\/\/www.alliedquarries.com\/wp-content\/uploads\/2022\/11\/Default.jpg\" \/>\n<meta name=\"twitter:card\" content=\"summary_large_image\" \/>\n<meta name=\"twitter:image\" content=\"https:\/\/www.alliedquarries.com\/wp-content\/uploads\/2022\/11\/Default.jpg\" \/>\n<meta name=\"twitter:label1\" content=\"Tiempo de lectura\" \/>\n\t<meta name=\"twitter:data1\" content=\"3 minutos\" \/>\n<!-- \/ Yoast SEO plugin. -->","yoast_head_json":{"title":"Pol\u00edtica de Privacidad | Culbreth Stone","robots":{"index":"index","follow":"follow","max-snippet":"max-snippet:-1","max-image-preview":"max-image-preview:large","max-video-preview":"max-video-preview:-1"},"canonical":"https:\/\/www.alliedquarries.com\/es\/privacy-policy\/","og_locale":"es_ES","og_type":"article","og_title":"Pol\u00edtica de Privacidad | Culbreth Stone","og_description":"Proteger los derechos de los visitantes de nuestro sitio web es importante para nosotros. Por ello, queremos informar sobre cualquier dato que recopilemos cuando visite nuestro sitio, as\u00ed como la forma en que lo utilizamos. En cualquier momento, nos reservamos el derecho de enmendar o modificar esta Declaraci\u00f3n de Privacidad. Le recomendamos revisar esta p\u00e1gina&hellip; Continue reading","og_url":"https:\/\/www.alliedquarries.com\/es\/privacy-policy\/","og_site_name":"Culbreth Stone","article_modified_time":"2025-08-28T08:53:28+00:00","og_image":[{"url":"https:\/\/www.alliedquarries.com\/wp-content\/uploads\/2022\/11\/Default.jpg","type":"","width":"","height":""}],"twitter_card":"summary_large_image","twitter_image":"https:\/\/www.alliedquarries.com\/wp-content\/uploads\/2022\/11\/Default.jpg","twitter_misc":{"Tiempo de lectura":"3 minutos"},"schema":{"@context":"https:\/\/schema.org","@graph":[{"@type":"WebPage","@id":"https:\/\/www.alliedquarries.com\/es\/privacy-policy\/","url":"https:\/\/www.alliedquarries.com\/es\/privacy-policy\/","name":"Pol\u00edtica de Privacidad | Culbreth Stone","isPartOf":{"@id":"https:\/\/www.alliedquarries.com\/es\/#website"},"datePublished":"2020-09-03T03:26:29+00:00","dateModified":"2025-08-28T08:53:28+00:00","breadcrumb":{"@id":"https:\/\/www.alliedquarries.com\/es\/privacy-policy\/#breadcrumb"},"inLanguage":"es","potentialAction":[{"@type":"ReadAction","target":["https:\/\/www.alliedquarries.com\/es\/privacy-policy\/"]}]},{"@type":"BreadcrumbList","@id":"https:\/\/www.alliedquarries.com\/es\/privacy-policy\/#breadcrumb","itemListElement":[{"@type":"ListItem","position":1,"name":"Home","item":"https:\/\/www.alliedquarries.com\/es\/"},{"@type":"ListItem","position":2,"name":"Pol\u00edtica de Privacidad"}]},{"@type":"WebSite","@id":"https:\/\/www.alliedquarries.com\/es\/#website","url":"https:\/\/www.alliedquarries.com\/es\/","name":"Culbreth Stone","description":"","potentialAction":[{"@type":"SearchAction","target":{"@type":"EntryPoint","urlTemplate":"https:\/\/www.alliedquarries.com\/es\/?s={search_term_string}"},"query-input":{"@type":"PropertyValueSpecification","valueRequired":true,"valueName":"search_term_string"}}],"inLanguage":"es"}]}},"_links":{"self":[{"href":"https:\/\/www.alliedquarries.com\/es\/wp-json\/wp\/v2\/pages\/2984","targetHints":{"allow":["GET"]}}],"collection":[{"href":"https:\/\/www.alliedquarries.com\/es\/wp-json\/wp\/v2\/pages"}],"about":[{"href":"https:\/\/www.alliedquarries.com\/es\/wp-json\/wp\/v2\/types\/page"}],"author":[{"embeddable":true,"href":"https:\/\/www.alliedquarries.com\/es\/wp-json\/wp\/v2\/users\/1"}],"replies":[{"embeddable":true,"href":"https:\/\/www.alliedquarries.com\/es\/wp-json\/wp\/v2\/comments?post=2984"}],"version-history":[{"count":2,"href":"https:\/\/www.alliedquarries.com\/es\/wp-json\/wp\/v2\/pages\/2984\/revisions"}],"predecessor-version":[{"id":2990,"href":"https:\/\/www.alliedquarries.com\/es\/wp-json\/wp\/v2\/pages\/2984\/revisions\/2990"}],"wp:attachment":[{"href":"https:\/\/www.alliedquarries.com\/es\/wp-json\/wp\/v2\/media?parent=2984"}],"curies":[{"name":"wp","href":"https:\/\/api.w.org\/{rel}","templated":true}]}}