{"id":3000,"date":"2022-10-31T05:10:21","date_gmt":"2022-10-31T10:10:21","guid":{"rendered":"https:\/\/www.alliedquarries.com\/natural-thin-stone-veneer\/"},"modified":"2025-08-28T04:33:34","modified_gmt":"2025-08-28T09:33:34","slug":"natural-thin-stone-veneer","status":"publish","type":"page","link":"https:\/\/www.alliedquarries.com\/es\/revestimiento-de-piedra-delgada-natural\/","title":{"rendered":"Revestimiento de Piedra Delgada Natural"},"content":{"rendered":"<p>\u00bfEst\u00e1 buscando una de las opciones de piedra natural m\u00e1s rentables y en r\u00e1pido crecimiento en la industria? Culbreth Stone ofrece con orgullo revestimientos de piedra delgada natural a distribuidores y profesionales que desean crear soluciones de alta calidad y est\u00e9ticamente atractivas en fachadas, chimeneas y cualquier superficie aplicable. Nuestro negocio se basa en la satisfacci\u00f3n del cliente, proporcionando un servicio insuperable, productos de la m\u00e1s alta calidad y una pasi\u00f3n genuina por la industria de la piedra. Ofrecemos una amplia gama de productos de piedra real de la regi\u00f3n sur de Tennessee, incluyendo revestimientos delgados, losas cortadas y piedra apilada.<\/p>\n<h2>Ventajas de los Revestimientos de Piedra Delgada Natural<\/h2>\n<p>Elegir nuestros revestimientos de piedra delgada natural ofrece m\u00faltiples beneficios sobre los productos de piedra manufacturada. El revestimiento delgado es un producto totalmente natural, altamente duradero y m\u00e1s resistente a golpes y rayaduras que la piedra manufacturada. Adem\u00e1s, cada pieza posee un patr\u00f3n \u00fanico, proporcionando un aspecto aut\u00e9ntico y vers\u00e1til.<\/p>\n<p>Este tipo de revestimiento tambi\u00e9n representa un ahorro significativo. No requiere estructuras de soporte pesadas, como salientes o anclajes, que la piedra completa tradicional demanda. Por lo tanto, los revestimientos delgados no solo reducen los costos de materiales y env\u00edo, sino tambi\u00e9n los costos de mano de obra. Las construcciones con revestimiento de piedra delgada pueden realizarse hasta tres veces m\u00e1s r\u00e1pido que con piedra tradicional.<\/p>\n<h2>Losas Cortadas y Piedra Apilada<\/h2>\n<p>Si busca una opci\u00f3n innovadora para su proyecto de piedra natural, considere nuestras losas cortadas o piedra apilada de Culbreth Stone. Nuestros revestimientos delgados permiten a los constructores ofrecer la belleza y durabilidad de la piedra real, con la facilidad de instalaci\u00f3n y la asequibilidad de productos manufacturados.<\/p>\n<p>En Culbreth Stone, nos esforzamos para que su pedido de losas cortadas o piedra apilada sea lo m\u00e1s sencillo posible. Enviamos orgullosamente a revendedores, contratistas y otros profesionales de la piedra a nivel nacional, tomando medidas adicionales para garantizar que su pedido llegue a tiempo y en perfectas condiciones.<\/p>\n<p>Para lo mejor en productos de piedra natural al por mayor, <a title=\"Proveedor de Chapa de Piedra Natural Delgada\" href=\"https:\/\/www.alliedquarries.com\/es\/contact-us\/\">cont\u00e1ctenos<\/a> hoy mismo. Esperamos poder ayudarle a seleccionar entre los mejores productos de Chapa de Piedra Natural Delgada disponibles.<\/p>\n","protected":false},"excerpt":{"rendered":"<p>\u00bfEst\u00e1 buscando una de las opciones de piedra natural m\u00e1s rentables y en r\u00e1pido crecimiento en la industria? Culbreth Stone ofrece con orgullo revestimientos de piedra delgada natural a distribuidores y profesionales que desean crear soluciones de alta calidad y est\u00e9ticamente atractivas en fachadas, chimeneas y cualquier superficie aplicable. Nuestro negocio se basa en la&hellip; <a href=\"https:\/\/www.alliedquarries.com\/es\/revestimiento-de-piedra-delgada-natural\/\" class=\"btn btn-outline-primary position-absolute more-link\">Continue reading<\/a><\/p>\n","protected":false},"author":1,"featured_media":2974,"parent":0,"menu_order":0,"comment_status":"closed","ping_status":"closed","template":"","meta":{"_acf_changed":false,"footnotes":""},"class_list":["post-3000","page","type-page","status-publish","has-post-thumbnail"],"acf":[],"yoast_head":"<!-- This site is optimized with the Yoast SEO plugin v26.6 - https:\/\/yoast.com\/wordpress\/plugins\/seo\/ -->\n<title>Revestimiento de Piedra Delgada Natural | Culbreth Stone<\/title>\n<meta name=\"description\" content=\"Descubra el revestimiento de piedra delgada natural de Culbreth Stone. Productos de piedra real, env\u00edo confiable y servicio excepcional para distribuidores y profesionales en todo Tennessee.\" \/>\n<meta name=\"robots\" content=\"index, follow, max-snippet:-1, max-image-preview:large, max-video-preview:-1\" \/>\n<link rel=\"canonical\" href=\"https:\/\/www.alliedquarries.com\/es\/revestimiento-de-piedra-delgada-natural\/\" \/>\n<meta property=\"og:locale\" content=\"es_ES\" \/>\n<meta property=\"og:type\" content=\"article\" \/>\n<meta property=\"og:title\" content=\"Revestimiento de Piedra Delgada Natural | Culbreth Stone\" \/>\n<meta property=\"og:description\" content=\"Descubra el revestimiento de piedra delgada natural de Culbreth Stone. Productos de piedra real, env\u00edo confiable y servicio excepcional para distribuidores y profesionales en todo Tennessee.\" \/>\n<meta property=\"og:url\" content=\"https:\/\/www.alliedquarries.com\/es\/revestimiento-de-piedra-delgada-natural\/\" \/>\n<meta property=\"og:site_name\" content=\"Culbreth Stone\" \/>\n<meta property=\"article:modified_time\" content=\"2025-08-28T09:33:34+00:00\" \/>\n<meta property=\"og:image\" content=\"https:\/\/www.alliedquarries.com\/wp-content\/uploads\/2022\/11\/HEADERNatural-Thin-Stone-Veneer.jpg\" \/>\n<meta name=\"twitter:card\" content=\"summary_large_image\" \/>\n<meta name=\"twitter:image\" content=\"https:\/\/www.alliedquarries.com\/wp-content\/uploads\/2022\/11\/HEADERNatural-Thin-Stone-Veneer.jpg\" \/>\n<meta name=\"twitter:label1\" content=\"Tiempo de lectura\" \/>\n\t<meta name=\"twitter:data1\" content=\"2 minutos\" \/>\n<!-- \/ Yoast SEO plugin. -->","yoast_head_json":{"title":"Revestimiento de Piedra Delgada Natural | Culbreth Stone","description":"Descubra el revestimiento de piedra delgada natural de Culbreth Stone. Productos de piedra real, env\u00edo confiable y servicio excepcional para distribuidores y profesionales en todo Tennessee.","robots":{"index":"index","follow":"follow","max-snippet":"max-snippet:-1","max-image-preview":"max-image-preview:large","max-video-preview":"max-video-preview:-1"},"canonical":"https:\/\/www.alliedquarries.com\/es\/revestimiento-de-piedra-delgada-natural\/","og_locale":"es_ES","og_type":"article","og_title":"Revestimiento de Piedra Delgada Natural | Culbreth Stone","og_description":"Descubra el revestimiento de piedra delgada natural de Culbreth Stone. Productos de piedra real, env\u00edo confiable y servicio excepcional para distribuidores y profesionales en todo Tennessee.","og_url":"https:\/\/www.alliedquarries.com\/es\/revestimiento-de-piedra-delgada-natural\/","og_site_name":"Culbreth Stone","article_modified_time":"2025-08-28T09:33:34+00:00","og_image":[{"url":"https:\/\/www.alliedquarries.com\/wp-content\/uploads\/2022\/11\/HEADERNatural-Thin-Stone-Veneer.jpg","type":"","width":"","height":""}],"twitter_card":"summary_large_image","twitter_image":"https:\/\/www.alliedquarries.com\/wp-content\/uploads\/2022\/11\/HEADERNatural-Thin-Stone-Veneer.jpg","twitter_misc":{"Tiempo de lectura":"2 minutos"},"schema":{"@context":"https:\/\/schema.org","@graph":[{"@type":"WebPage","@id":"https:\/\/www.alliedquarries.com\/es\/revestimiento-de-piedra-delgada-natural\/","url":"https:\/\/www.alliedquarries.com\/es\/revestimiento-de-piedra-delgada-natural\/","name":"Revestimiento de Piedra Delgada Natural | Culbreth Stone","isPartOf":{"@id":"https:\/\/www.alliedquarries.com\/es\/#website"},"primaryImageOfPage":{"@id":"https:\/\/www.alliedquarries.com\/es\/revestimiento-de-piedra-delgada-natural\/#primaryimage"},"image":{"@id":"https:\/\/www.alliedquarries.com\/es\/revestimiento-de-piedra-delgada-natural\/#primaryimage"},"thumbnailUrl":"https:\/\/www.alliedquarries.com\/wp-content\/uploads\/2022\/11\/HEADERNatural-Thin-Stone-Veneer.jpg","datePublished":"2022-10-31T10:10:21+00:00","dateModified":"2025-08-28T09:33:34+00:00","description":"Descubra el revestimiento de piedra delgada natural de Culbreth Stone. Productos de piedra real, env\u00edo confiable y servicio excepcional para distribuidores y profesionales en todo Tennessee.","breadcrumb":{"@id":"https:\/\/www.alliedquarries.com\/es\/revestimiento-de-piedra-delgada-natural\/#breadcrumb"},"inLanguage":"es","potentialAction":[{"@type":"ReadAction","target":["https:\/\/www.alliedquarries.com\/es\/revestimiento-de-piedra-delgada-natural\/"]}]},{"@type":"ImageObject","inLanguage":"es","@id":"https:\/\/www.alliedquarries.com\/es\/revestimiento-de-piedra-delgada-natural\/#primaryimage","url":"https:\/\/www.alliedquarries.com\/wp-content\/uploads\/2022\/11\/HEADERNatural-Thin-Stone-Veneer.jpg","contentUrl":"https:\/\/www.alliedquarries.com\/wp-content\/uploads\/2022\/11\/HEADERNatural-Thin-Stone-Veneer.jpg","width":1920,"height":640,"caption":"Natural Thin Stone Veneer"},{"@type":"BreadcrumbList","@id":"https:\/\/www.alliedquarries.com\/es\/revestimiento-de-piedra-delgada-natural\/#breadcrumb","itemListElement":[{"@type":"ListItem","position":1,"name":"Home","item":"https:\/\/www.alliedquarries.com\/es\/"},{"@type":"ListItem","position":2,"name":"Revestimiento de Piedra Delgada Natural"}]},{"@type":"WebSite","@id":"https:\/\/www.alliedquarries.com\/es\/#website","url":"https:\/\/www.alliedquarries.com\/es\/","name":"Culbreth Stone","description":"","potentialAction":[{"@type":"SearchAction","target":{"@type":"EntryPoint","urlTemplate":"https:\/\/www.alliedquarries.com\/es\/?s={search_term_string}"},"query-input":{"@type":"PropertyValueSpecification","valueRequired":true,"valueName":"search_term_string"}}],"inLanguage":"es"}]}},"_links":{"self":[{"href":"https:\/\/www.alliedquarries.com\/es\/wp-json\/wp\/v2\/pages\/3000","targetHints":{"allow":["GET"]}}],"collection":[{"href":"https:\/\/www.alliedquarries.com\/es\/wp-json\/wp\/v2\/pages"}],"about":[{"href":"https:\/\/www.alliedquarries.com\/es\/wp-json\/wp\/v2\/types\/page"}],"author":[{"embeddable":true,"href":"https:\/\/www.alliedquarries.com\/es\/wp-json\/wp\/v2\/users\/1"}],"replies":[{"embeddable":true,"href":"https:\/\/www.alliedquarries.com\/es\/wp-json\/wp\/v2\/comments?post=3000"}],"version-history":[{"count":2,"href":"https:\/\/www.alliedquarries.com\/es\/wp-json\/wp\/v2\/pages\/3000\/revisions"}],"predecessor-version":[{"id":3002,"href":"https:\/\/www.alliedquarries.com\/es\/wp-json\/wp\/v2\/pages\/3000\/revisions\/3002"}],"wp:featuredmedia":[{"embeddable":true,"href":"https:\/\/www.alliedquarries.com\/es\/wp-json\/wp\/v2\/media\/2974"}],"wp:attachment":[{"href":"https:\/\/www.alliedquarries.com\/es\/wp-json\/wp\/v2\/media?parent=3000"}],"curies":[{"name":"wp","href":"https:\/\/api.w.org\/{rel}","templated":true}]}}