{"id":3003,"date":"2022-10-31T05:19:22","date_gmt":"2022-10-31T10:19:22","guid":{"rendered":"https:\/\/www.alliedquarries.com\/oklahoma-flagstone\/"},"modified":"2025-08-28T04:36:37","modified_gmt":"2025-08-28T09:36:37","slug":"oklahoma-flagstone","status":"publish","type":"page","link":"https:\/\/www.alliedquarries.com\/es\/proveedor-de-piedra-bandera-de-oklahoma\/","title":{"rendered":"Proveedor de Piedra Bandera de Oklahoma"},"content":{"rendered":"<p><strong>Culbreth Stone<\/strong> se enorgullece de ofrecer <strong>piedra bandera de Oklahoma<\/strong> en nuestra l\u00ednea de productos. Extraemos la piedra directamente de nuestra cantera en Oklahoma y suministramos piedra de primera calidad a distribuidores en todo el pa\u00eds. Nuestra amplia selecci\u00f3n de piedra bandera de Oklahoma de calidad premium var\u00eda en color y tama\u00f1o, incluyendo:<\/p>\n<ul>\n<li>1\u201d Menos<\/li>\n<li>1,5\u201d Est\u00e1ndar<\/li>\n<li>2\u201d<\/li>\n<li>Losas de piedra apiladas \u2013 Est\u00e1ndar 2\u201d, 3\u201d, 4\u201d, 5\u201d y m\u00e1s<\/li>\n<\/ul>\n<p>Si el tama\u00f1o que necesita no est\u00e1 listado, llame y hable con uno de nuestros expertos sobre nuestros productos de piedra natural. Nos esforzaremos por satisfacer las necesidades de nuestros clientes y superar sus expectativas.<\/p>\n<h2>Caracter\u00edsticas de la Piedra Bandera de Oklahoma<\/h2>\n<p>La <strong>piedra bandera de Oklahoma<\/strong> es m\u00e1s dura que la de Tennessee y tiene un color marr\u00f3n m\u00e1s oscuro en comparaci\u00f3n con los tonos claros de Tennessee. Tambi\u00e9n posee m\u00e1s textura en la superficie, proporcionando a su paisaje o dise\u00f1o un aspecto completamente diferente y distintivo.<\/p>\n<p>La belleza incomparable y la sofisticaci\u00f3n de la piedra bandera de Oklahoma la convierten en la elecci\u00f3n perfecta para a\u00f1adir valor y elegancia a cualquier hogar, edificio comercial o proyecto de paisajismo.<strong> Contacte a Culbreth Stone hoy mismo<\/strong> para obtener precios de piedra natural premium de Oklahoma.<\/p>\n<h2>Cantera de Piedra Bandera de Oklahoma al por Mayor<\/h2>\n<p>En <strong>Culbreth Stone<\/strong>, extraemos piedras de campo de la m\u00e1s alta calidad de nuestras canteras en Tennessee y Oklahoma. Nuestra nueva cantera en Oklahoma tambi\u00e9n produce piedra bandera marr\u00f3n y varios productos cortados. En nuestra cantera de piedra bandera de Oklahoma, vendemos a distribuidores y profesionales de la piedra a precios mayoristas. Gracias a que extraemos la piedra de nuestras canteras privadas, el control de calidad comienza desde el momento en que la piedra se extrae del suelo y contin\u00faa hasta la entrega de su pedido.<\/p>\n<p>En <strong>Culbreth Stone<\/strong>, tenemos pasi\u00f3n por la industria de la piedra y nos enorgullecemos de cada aspecto de nuestro trabajo. Nos comprometemos a ofrecer los m\u00e1s altos est\u00e1ndares de servicio al cliente, desde el embalaje y env\u00edo de su pedido, hasta el seguimiento posterior para garantizar que cumplimos nuestra promesa. Nos esforzamos por ofrecer piedra natural de m\u00e1xima calidad a precios competitivos con un servicio de clase mundial. <a href=\"https:\/\/www.alliedquarries.com\/es\/contact-us\/\">Contacte a Culbreth Stone hoy mismo.<\/a><\/p>\n","protected":false},"excerpt":{"rendered":"<p>Culbreth Stone se enorgullece de ofrecer piedra bandera de Oklahoma en nuestra l\u00ednea de productos. Extraemos la piedra directamente de nuestra cantera en Oklahoma y suministramos piedra de primera calidad a distribuidores en todo el pa\u00eds. Nuestra amplia selecci\u00f3n de piedra bandera de Oklahoma de calidad premium var\u00eda en color y tama\u00f1o, incluyendo: 1\u201d Menos&hellip; <a href=\"https:\/\/www.alliedquarries.com\/es\/proveedor-de-piedra-bandera-de-oklahoma\/\" class=\"btn btn-outline-primary position-absolute more-link\">Continue reading<\/a><\/p>\n","protected":false},"author":1,"featured_media":2975,"parent":0,"menu_order":0,"comment_status":"closed","ping_status":"closed","template":"","meta":{"_acf_changed":false,"footnotes":""},"class_list":["post-3003","page","type-page","status-publish","has-post-thumbnail"],"acf":[],"yoast_head":"<!-- This site is optimized with the Yoast SEO plugin v26.6 - https:\/\/yoast.com\/wordpress\/plugins\/seo\/ -->\n<title>Proveedor de Piedra Bandera de Oklahoma | Culbreth Stone<\/title>\n<meta name=\"description\" content=\"Culbreth Stone ofrece piedra bandera de Oklahoma de alta calidad para distribuidores y profesionales. Entrega confiable, control de calidad superior y servicio excepcional en todo\" \/>\n<meta name=\"robots\" content=\"index, follow, max-snippet:-1, max-image-preview:large, max-video-preview:-1\" \/>\n<link rel=\"canonical\" href=\"https:\/\/www.alliedquarries.com\/es\/proveedor-de-piedra-bandera-de-oklahoma\/\" \/>\n<meta property=\"og:locale\" content=\"es_ES\" \/>\n<meta property=\"og:type\" content=\"article\" \/>\n<meta property=\"og:title\" content=\"Proveedor de Piedra Bandera de Oklahoma | Culbreth Stone\" \/>\n<meta property=\"og:description\" content=\"Culbreth Stone ofrece piedra bandera de Oklahoma de alta calidad para distribuidores y profesionales. Entrega confiable, control de calidad superior y servicio excepcional en todo\" \/>\n<meta property=\"og:url\" content=\"https:\/\/www.alliedquarries.com\/es\/proveedor-de-piedra-bandera-de-oklahoma\/\" \/>\n<meta property=\"og:site_name\" content=\"Culbreth Stone\" \/>\n<meta property=\"article:modified_time\" content=\"2025-08-28T09:36:37+00:00\" \/>\n<meta property=\"og:image\" content=\"https:\/\/www.alliedquarries.com\/wp-content\/uploads\/2022\/11\/HEADEROklahoma-Flagstone.jpg\" \/>\n<meta name=\"twitter:card\" content=\"summary_large_image\" \/>\n<meta name=\"twitter:image\" content=\"https:\/\/www.alliedquarries.com\/wp-content\/uploads\/2022\/11\/HEADEROklahoma-Flagstone.jpg\" \/>\n<meta name=\"twitter:label1\" content=\"Tiempo de lectura\" \/>\n\t<meta name=\"twitter:data1\" content=\"2 minutos\" \/>\n<!-- \/ Yoast SEO plugin. -->","yoast_head_json":{"title":"Proveedor de Piedra Bandera de Oklahoma | Culbreth Stone","description":"Culbreth Stone ofrece piedra bandera de Oklahoma de alta calidad para distribuidores y profesionales. Entrega confiable, control de calidad superior y servicio excepcional en todo","robots":{"index":"index","follow":"follow","max-snippet":"max-snippet:-1","max-image-preview":"max-image-preview:large","max-video-preview":"max-video-preview:-1"},"canonical":"https:\/\/www.alliedquarries.com\/es\/proveedor-de-piedra-bandera-de-oklahoma\/","og_locale":"es_ES","og_type":"article","og_title":"Proveedor de Piedra Bandera de Oklahoma | Culbreth Stone","og_description":"Culbreth Stone ofrece piedra bandera de Oklahoma de alta calidad para distribuidores y profesionales. Entrega confiable, control de calidad superior y servicio excepcional en todo","og_url":"https:\/\/www.alliedquarries.com\/es\/proveedor-de-piedra-bandera-de-oklahoma\/","og_site_name":"Culbreth Stone","article_modified_time":"2025-08-28T09:36:37+00:00","og_image":[{"url":"https:\/\/www.alliedquarries.com\/wp-content\/uploads\/2022\/11\/HEADEROklahoma-Flagstone.jpg","type":"","width":"","height":""}],"twitter_card":"summary_large_image","twitter_image":"https:\/\/www.alliedquarries.com\/wp-content\/uploads\/2022\/11\/HEADEROklahoma-Flagstone.jpg","twitter_misc":{"Tiempo de lectura":"2 minutos"},"schema":{"@context":"https:\/\/schema.org","@graph":[{"@type":"WebPage","@id":"https:\/\/www.alliedquarries.com\/es\/proveedor-de-piedra-bandera-de-oklahoma\/","url":"https:\/\/www.alliedquarries.com\/es\/proveedor-de-piedra-bandera-de-oklahoma\/","name":"Proveedor de Piedra Bandera de Oklahoma | Culbreth Stone","isPartOf":{"@id":"https:\/\/www.alliedquarries.com\/es\/#website"},"primaryImageOfPage":{"@id":"https:\/\/www.alliedquarries.com\/es\/proveedor-de-piedra-bandera-de-oklahoma\/#primaryimage"},"image":{"@id":"https:\/\/www.alliedquarries.com\/es\/proveedor-de-piedra-bandera-de-oklahoma\/#primaryimage"},"thumbnailUrl":"https:\/\/www.alliedquarries.com\/wp-content\/uploads\/2022\/11\/HEADEROklahoma-Flagstone.jpg","datePublished":"2022-10-31T10:19:22+00:00","dateModified":"2025-08-28T09:36:37+00:00","description":"Culbreth Stone ofrece piedra bandera de Oklahoma de alta calidad para distribuidores y profesionales. Entrega confiable, control de calidad superior y servicio excepcional en todo","breadcrumb":{"@id":"https:\/\/www.alliedquarries.com\/es\/proveedor-de-piedra-bandera-de-oklahoma\/#breadcrumb"},"inLanguage":"es","potentialAction":[{"@type":"ReadAction","target":["https:\/\/www.alliedquarries.com\/es\/proveedor-de-piedra-bandera-de-oklahoma\/"]}]},{"@type":"ImageObject","inLanguage":"es","@id":"https:\/\/www.alliedquarries.com\/es\/proveedor-de-piedra-bandera-de-oklahoma\/#primaryimage","url":"https:\/\/www.alliedquarries.com\/wp-content\/uploads\/2022\/11\/HEADEROklahoma-Flagstone.jpg","contentUrl":"https:\/\/www.alliedquarries.com\/wp-content\/uploads\/2022\/11\/HEADEROklahoma-Flagstone.jpg","width":1920,"height":640,"caption":"Oklahoma Flagstone"},{"@type":"BreadcrumbList","@id":"https:\/\/www.alliedquarries.com\/es\/proveedor-de-piedra-bandera-de-oklahoma\/#breadcrumb","itemListElement":[{"@type":"ListItem","position":1,"name":"Home","item":"https:\/\/www.alliedquarries.com\/es\/"},{"@type":"ListItem","position":2,"name":"Proveedor de Piedra Bandera de Oklahoma"}]},{"@type":"WebSite","@id":"https:\/\/www.alliedquarries.com\/es\/#website","url":"https:\/\/www.alliedquarries.com\/es\/","name":"Culbreth Stone","description":"","potentialAction":[{"@type":"SearchAction","target":{"@type":"EntryPoint","urlTemplate":"https:\/\/www.alliedquarries.com\/es\/?s={search_term_string}"},"query-input":{"@type":"PropertyValueSpecification","valueRequired":true,"valueName":"search_term_string"}}],"inLanguage":"es"}]}},"_links":{"self":[{"href":"https:\/\/www.alliedquarries.com\/es\/wp-json\/wp\/v2\/pages\/3003","targetHints":{"allow":["GET"]}}],"collection":[{"href":"https:\/\/www.alliedquarries.com\/es\/wp-json\/wp\/v2\/pages"}],"about":[{"href":"https:\/\/www.alliedquarries.com\/es\/wp-json\/wp\/v2\/types\/page"}],"author":[{"embeddable":true,"href":"https:\/\/www.alliedquarries.com\/es\/wp-json\/wp\/v2\/users\/1"}],"replies":[{"embeddable":true,"href":"https:\/\/www.alliedquarries.com\/es\/wp-json\/wp\/v2\/comments?post=3003"}],"version-history":[{"count":2,"href":"https:\/\/www.alliedquarries.com\/es\/wp-json\/wp\/v2\/pages\/3003\/revisions"}],"predecessor-version":[{"id":3005,"href":"https:\/\/www.alliedquarries.com\/es\/wp-json\/wp\/v2\/pages\/3003\/revisions\/3005"}],"wp:featuredmedia":[{"embeddable":true,"href":"https:\/\/www.alliedquarries.com\/es\/wp-json\/wp\/v2\/media\/2975"}],"wp:attachment":[{"href":"https:\/\/www.alliedquarries.com\/es\/wp-json\/wp\/v2\/media?parent=3003"}],"curies":[{"name":"wp","href":"https:\/\/api.w.org\/{rel}","templated":true}]}}